{"id":26808,"date":"2024-04-26T12:11:20","date_gmt":"2024-04-26T10:11:20","guid":{"rendered":"https:\/\/mdk.rzeszow.pl\/?page_id=26808"},"modified":"2026-03-14T22:39:37","modified_gmt":"2026-03-14T21:39:37","slug":"do-pobrania","status":"publish","type":"page","link":"https:\/\/mdk.rzeszow.pl\/?page_id=26808","title":{"rendered":"Do pobrania"},"content":{"rendered":"\t\t<div data-elementor-type=\"wp-page\" data-elementor-id=\"26808\" class=\"elementor elementor-26808\">\n\t\t\t\t\t\t\t\t\t<section class=\"elementor-section elementor-top-section elementor-element elementor-element-83a4cbc elementor-section-full_width elementor-section-height-default elementor-section-height-default\" data-id=\"83a4cbc\" data-element_type=\"section\">\n\t\t\t\t\t\t<div class=\"elementor-container elementor-column-gap-no\">\n\t\t\t\t\t<div class=\"elementor-column elementor-col-100 elementor-top-column elementor-element elementor-element-5535cc8\" data-id=\"5535cc8\" data-element_type=\"column\">\n\t\t\t<div class=\"elementor-widget-wrap elementor-element-populated\">\n\t\t\t\t\t\t\t\t<div class=\"elementor-element elementor-element-1c2719b elementor-widget__width-inherit elementor-widget elementor-widget-edumodo-slider\" data-id=\"1c2719b\" data-element_type=\"widget\" data-widget_type=\"edumodo-slider.default\">\n\t\t\t\t<div class=\"elementor-widget-container\">\n\t\t\t\n\n    <div id=\"edumodo-hero-unit\" class=\"edumodo-hero-unit\">\n        <div id=\"edumodo-slider\" class=\"edumodo-slider carousel slide\" data-ride=\"carousel\" data-interval=\"\n         10000        \">\n                         <!-- Wrapper for slides -->\n            <div class=\"carousel-inner \">\n                                                                        <div class=\"item active slider-0\" style=\"background-image: url('https:\/\/mdk.rzeszow.pl\/wp-content\/uploads\/2020\/04\/untitled-strona-e1606833199627.jpg');\">\n                        <div class=\"container\">\n                            <div class=\"row\">\n                                <div class=\"col-xs-12 col-sm-12 col-md-12\">\n                                    <div class=\"carousel-caption \">\n                                                                                    <h2 class=\"slider-title  animated fadeInDown\" style=\"animation-delay: 0.8s;\">\n                                                Zapisy na rok szkolny 26\/27   \n                                            <\/h2>\n                                        \n                                        \n                                                                                    <span class=\"slider-action\">\n                                                <a class=\"btn btn-slider animated fadeInDown\" style=\"animation-delay: 1.3s;\" href=\"https:\/\/mdk.rzeszow.pl\/?p=33558\"> wi\u0119cej                                                <\/a>\n                                            <\/span>\n                                                                            <\/div>\n                                <\/div> \n                            <\/div>\n                        <\/div>\n                    <\/div><!-- \/.item -->\n                            <\/div> <!-- \/.inner -->\n                    <\/div><!-- \/.id -->\n    <\/div> <!-- \/#hero-unit -->\n\t\t<\/div>\n\t\t\t\t<\/div>\n\t\t\t\t\t<\/div>\n\t\t<\/div>\n\t\t\t\t\t\t\t<\/div>\n\t\t<\/section>\n\t\t\t\t<section class=\"elementor-section elementor-top-section elementor-element elementor-element-17987f3 elementor-section-boxed elementor-section-height-default elementor-section-height-default\" data-id=\"17987f3\" data-element_type=\"section\" data-settings=\"{&quot;background_background&quot;:&quot;classic&quot;}\">\n\t\t\t\t\t\t<div class=\"elementor-container elementor-column-gap-default\">\n\t\t\t\t\t<div class=\"elementor-column elementor-col-100 elementor-top-column elementor-element elementor-element-42c011e\" data-id=\"42c011e\" data-element_type=\"column\" data-settings=\"{&quot;background_background&quot;:&quot;classic&quot;}\">\n\t\t\t<div class=\"elementor-widget-wrap elementor-element-populated\">\n\t\t\t\t\t\t\t\t<div class=\"elementor-element elementor-element-6499726 elementor-widget elementor-widget-image\" data-id=\"6499726\" data-element_type=\"widget\" data-widget_type=\"image.default\">\n\t\t\t\t<div class=\"elementor-widget-container\">\n\t\t\t<style>\/*! elementor - v3.15.0 - 20-08-2023 *\/\n.elementor-widget-image{text-align:center}.elementor-widget-image a{display:inline-block}.elementor-widget-image a img[src$=\".svg\"]{width:48px}.elementor-widget-image img{vertical-align:middle;display:inline-block}<\/style>\t\t\t\t\t\t\t\t\t\t\t\t\t<a href=\"https:\/\/mdk.rzeszow.pl\/?p=33558\">\n\t\t\t\t\t\t\t<img decoding=\"async\" width=\"1792\" height=\"652\" src=\"https:\/\/mdk.rzeszow.pl\/wp-content\/uploads\/2023\/12\/cropped-CM-LOGO-PROSTOKAT.jpg\" class=\"attachment-2048x2048 size-2048x2048 wp-image-25526\" alt=\"\" srcset=\"https:\/\/mdk.rzeszow.pl\/wp-content\/uploads\/2023\/12\/cropped-CM-LOGO-PROSTOKAT.jpg 1792w, https:\/\/mdk.rzeszow.pl\/wp-content\/uploads\/2023\/12\/cropped-CM-LOGO-PROSTOKAT-300x109.jpg 300w, https:\/\/mdk.rzeszow.pl\/wp-content\/uploads\/2023\/12\/cropped-CM-LOGO-PROSTOKAT-1024x373.jpg 1024w, https:\/\/mdk.rzeszow.pl\/wp-content\/uploads\/2023\/12\/cropped-CM-LOGO-PROSTOKAT-768x279.jpg 768w, https:\/\/mdk.rzeszow.pl\/wp-content\/uploads\/2023\/12\/cropped-CM-LOGO-PROSTOKAT-1536x559.jpg 1536w\" sizes=\"(max-width: 1792px) 100vw, 1792px\" \/>\t\t\t\t\t\t\t\t<\/a>\n\t\t\t\t\t\t\t\t\t\t\t\t\t\t\t<\/div>\n\t\t\t\t<\/div>\n\t\t\t\t<div class=\"elementor-element elementor-element-1058396 elementor-widget elementor-widget-text-editor\" data-id=\"1058396\" data-element_type=\"widget\" data-widget_type=\"text-editor.default\">\n\t\t\t\t<div class=\"elementor-widget-container\">\n\t\t\t<style>\/*! elementor - v3.15.0 - 20-08-2023 *\/\n.elementor-widget-text-editor.elementor-drop-cap-view-stacked .elementor-drop-cap{background-color:#69727d;color:#fff}.elementor-widget-text-editor.elementor-drop-cap-view-framed .elementor-drop-cap{color:#69727d;border:3px solid;background-color:transparent}.elementor-widget-text-editor:not(.elementor-drop-cap-view-default) .elementor-drop-cap{margin-top:8px}.elementor-widget-text-editor:not(.elementor-drop-cap-view-default) .elementor-drop-cap-letter{width:1em;height:1em}.elementor-widget-text-editor .elementor-drop-cap{float:left;text-align:center;line-height:1;font-size:50px}.elementor-widget-text-editor .elementor-drop-cap-letter{display:inline-block}<\/style>\t\t\t\t<h1 style=\"text-align: center;\"><a href=\"https:\/\/mdk.rzeszow.pl\/?p=33558\">Zapraszamy do zapis\u00f3w na nowy rok szkolny 2026\/2027 &#8211; szczeg\u00f3\u0142y tutaj<\/a><\/h1><hr \/><h1 style=\"text-align: center;\"><a href=\"https:\/\/docs.google.com\/forms\/d\/e\/1FAIpQLSeNbF7fNm6OLLiLznxkXr1UXg4WxHBCTm9TdzP25RieJTmCXQ\/viewform?fbclid=IwY2xjawQisDZleHRuA2FlbQIxMABicmlkETBqZWNpSUE4a0M4bVRhR3hGc3J0YwZhcHBfaWQQMjIyMDM5MTc4ODIwMDg5MgABHuGdSCOGVZOapNB2AMFXEUIuntSvqbrf-Gf1RVOQEpNagcQkbH194vkew4rw_aem_uMrNfiA4QTo5C9-m4v02yg\">Link do zapis\u00f3w &#8211; tutaj<\/a><\/h1>\t\t\t\t\t\t<\/div>\n\t\t\t\t<\/div>\n\t\t\t\t<div class=\"elementor-element elementor-element-c3bc5b7 elementor-widget-divider--view-line elementor-widget elementor-widget-divider\" data-id=\"c3bc5b7\" data-element_type=\"widget\" data-widget_type=\"divider.default\">\n\t\t\t\t<div class=\"elementor-widget-container\">\n\t\t\t<style>\/*! elementor - v3.15.0 - 20-08-2023 *\/\n.elementor-widget-divider{--divider-border-style:none;--divider-border-width:1px;--divider-color:#0c0d0e;--divider-icon-size:20px;--divider-element-spacing:10px;--divider-pattern-height:24px;--divider-pattern-size:20px;--divider-pattern-url:none;--divider-pattern-repeat:repeat-x}.elementor-widget-divider .elementor-divider{display:flex}.elementor-widget-divider .elementor-divider__text{font-size:15px;line-height:1;max-width:95%}.elementor-widget-divider .elementor-divider__element{margin:0 var(--divider-element-spacing);flex-shrink:0}.elementor-widget-divider .elementor-icon{font-size:var(--divider-icon-size)}.elementor-widget-divider .elementor-divider-separator{display:flex;margin:0;direction:ltr}.elementor-widget-divider--view-line_icon .elementor-divider-separator,.elementor-widget-divider--view-line_text .elementor-divider-separator{align-items:center}.elementor-widget-divider--view-line_icon .elementor-divider-separator:after,.elementor-widget-divider--view-line_icon .elementor-divider-separator:before,.elementor-widget-divider--view-line_text .elementor-divider-separator:after,.elementor-widget-divider--view-line_text .elementor-divider-separator:before{display:block;content:\"\";border-bottom:0;flex-grow:1;border-top:var(--divider-border-width) var(--divider-border-style) var(--divider-color)}.elementor-widget-divider--element-align-left .elementor-divider .elementor-divider-separator>.elementor-divider__svg:first-of-type{flex-grow:0;flex-shrink:100}.elementor-widget-divider--element-align-left .elementor-divider-separator:before{content:none}.elementor-widget-divider--element-align-left .elementor-divider__element{margin-left:0}.elementor-widget-divider--element-align-right .elementor-divider .elementor-divider-separator>.elementor-divider__svg:last-of-type{flex-grow:0;flex-shrink:100}.elementor-widget-divider--element-align-right .elementor-divider-separator:after{content:none}.elementor-widget-divider--element-align-right .elementor-divider__element{margin-right:0}.elementor-widget-divider:not(.elementor-widget-divider--view-line_text):not(.elementor-widget-divider--view-line_icon) .elementor-divider-separator{border-top:var(--divider-border-width) var(--divider-border-style) var(--divider-color)}.elementor-widget-divider--separator-type-pattern{--divider-border-style:none}.elementor-widget-divider--separator-type-pattern.elementor-widget-divider--view-line .elementor-divider-separator,.elementor-widget-divider--separator-type-pattern:not(.elementor-widget-divider--view-line) .elementor-divider-separator:after,.elementor-widget-divider--separator-type-pattern:not(.elementor-widget-divider--view-line) .elementor-divider-separator:before,.elementor-widget-divider--separator-type-pattern:not([class*=elementor-widget-divider--view]) .elementor-divider-separator{width:100%;min-height:var(--divider-pattern-height);-webkit-mask-size:var(--divider-pattern-size) 100%;mask-size:var(--divider-pattern-size) 100%;-webkit-mask-repeat:var(--divider-pattern-repeat);mask-repeat:var(--divider-pattern-repeat);background-color:var(--divider-color);-webkit-mask-image:var(--divider-pattern-url);mask-image:var(--divider-pattern-url)}.elementor-widget-divider--no-spacing{--divider-pattern-size:auto}.elementor-widget-divider--bg-round{--divider-pattern-repeat:round}.rtl .elementor-widget-divider .elementor-divider__text{direction:rtl}.e-con-inner>.elementor-widget-divider,.e-con>.elementor-widget-divider{width:var(--container-widget-width,100%);--flex-grow:var(--container-widget-flex-grow)}<\/style>\t\t<div class=\"elementor-divider\">\n\t\t\t<span class=\"elementor-divider-separator\">\n\t\t\t\t\t\t<\/span>\n\t\t<\/div>\n\t\t\t\t<\/div>\n\t\t\t\t<\/div>\n\t\t\t\t<div class=\"elementor-element elementor-element-aabbe59 elementor-widget elementor-widget-image\" data-id=\"aabbe59\" data-element_type=\"widget\" data-widget_type=\"image.default\">\n\t\t\t\t<div class=\"elementor-widget-container\">\n\t\t\t\t\t\t\t\t\t\t\t\t\t\t\t\t<a href=\"https:\/\/docs.google.com\/forms\/d\/e\/1FAIpQLSeNbF7fNm6OLLiLznxkXr1UXg4WxHBCTm9TdzP25RieJTmCXQ\/viewform?fbclid=IwY2xjawQisDZleHRuA2FlbQIxMABicmlkETBqZWNpSUE4a0M4bVRhR3hGc3J0YwZhcHBfaWQQMjIyMDM5MTc4ODIwMDg5MgABHuGdSCOGVZOapNB2AMFXEUIuntSvqbrf-Gf1RVOQEpNagcQkbH194vkew4rw_aem_uMrNfiA4QTo5C9-m4v02yg\">\n\t\t\t\t\t\t\t<img decoding=\"async\" width=\"640\" height=\"313\" src=\"https:\/\/mdk.rzeszow.pl\/wp-content\/uploads\/2026\/03\/Baner-II-26_27-1024x500.jpg\" class=\"attachment-large size-large wp-image-33560\" alt=\"\" srcset=\"https:\/\/mdk.rzeszow.pl\/wp-content\/uploads\/2026\/03\/Baner-II-26_27-1024x500.jpg 1024w, https:\/\/mdk.rzeszow.pl\/wp-content\/uploads\/2026\/03\/Baner-II-26_27-300x146.jpg 300w, https:\/\/mdk.rzeszow.pl\/wp-content\/uploads\/2026\/03\/Baner-II-26_27-768x375.jpg 768w, https:\/\/mdk.rzeszow.pl\/wp-content\/uploads\/2026\/03\/Baner-II-26_27-1536x750.jpg 1536w, https:\/\/mdk.rzeszow.pl\/wp-content\/uploads\/2026\/03\/Baner-II-26_27-2048x1000.jpg 2048w\" sizes=\"(max-width: 640px) 100vw, 640px\" \/>\t\t\t\t\t\t\t\t<\/a>\n\t\t\t\t\t\t\t\t\t\t\t\t\t\t\t<\/div>\n\t\t\t\t<\/div>\n\t\t\t\t\t<\/div>\n\t\t<\/div>\n\t\t\t\t\t\t\t<\/div>\n\t\t<\/section>\n\t\t<div class=\"elementor-element elementor-element-df433eb e-flex e-con-boxed e-con\" data-id=\"df433eb\" data-element_type=\"container\" data-settings=\"{&quot;content_width&quot;:&quot;boxed&quot;}\">\n\t\t\t\t\t<div class=\"e-con-inner\">\n\t\t<div class=\"elementor-element elementor-element-837c3c6 e-con-full e-flex e-con\" data-id=\"837c3c6\" data-element_type=\"container\" data-settings=\"{&quot;content_width&quot;:&quot;full&quot;,&quot;background_background&quot;:&quot;classic&quot;}\">\n\t\t\t\t<div class=\"elementor-element elementor-element-1c4b929 elementor-view-default elementor-widget elementor-widget-icon\" data-id=\"1c4b929\" data-element_type=\"widget\" data-widget_type=\"icon.default\">\n\t\t\t\t<div class=\"elementor-widget-container\">\n\t\t\t\t\t<div class=\"elementor-icon-wrapper\">\n\t\t\t<a class=\"elementor-icon\" href=\"https:\/\/mdk.rzeszow.pl\/?p=31701\">\n\t\t\t<svg aria-hidden=\"true\" class=\"e-font-icon-svg e-far-file-word\" viewBox=\"0 0 384 512\" xmlns=\"http:\/\/www.w3.org\/2000\/svg\"><path d=\"M369.9 97.9L286 14C277 5 264.8-.1 252.1-.1H48C21.5 0 0 21.5 0 48v416c0 26.5 21.5 48 48 48h288c26.5 0 48-21.5 48-48V131.9c0-12.7-5.1-25-14.1-34zM332.1 128H256V51.9l76.1 76.1zM48 464V48h160v104c0 13.3 10.7 24 24 24h104v288H48zm220.1-208c-5.7 0-10.6 4-11.7 9.5-20.6 97.7-20.4 95.4-21 103.5-.2-1.2-.4-2.6-.7-4.3-.8-5.1.3.2-23.6-99.5-1.3-5.4-6.1-9.2-11.7-9.2h-13.3c-5.5 0-10.3 3.8-11.7 9.1-24.4 99-24 96.2-24.8 103.7-.1-1.1-.2-2.5-.5-4.2-.7-5.2-14.1-73.3-19.1-99-1.1-5.6-6-9.7-11.8-9.7h-16.8c-7.8 0-13.5 7.3-11.7 14.8 8 32.6 26.7 109.5 33.2 136 1.3 5.4 6.1 9.1 11.7 9.1h25.2c5.5 0 10.3-3.7 11.6-9.1l17.9-71.4c1.5-6.2 2.5-12 3-17.3l2.9 17.3c.1.4 12.6 50.5 17.9 71.4 1.3 5.3 6.1 9.1 11.6 9.1h24.7c5.5 0 10.3-3.7 11.6-9.1 20.8-81.9 30.2-119 34.5-136 1.9-7.6-3.8-14.9-11.6-14.9h-15.8z\"><\/path><\/svg>\t\t\t<\/a>\n\t\t<\/div>\n\t\t\t\t<\/div>\n\t\t\t\t<\/div>\n\t\t\t\t<div class=\"elementor-element elementor-element-c96a762 elementor-widget elementor-widget-heading\" data-id=\"c96a762\" data-element_type=\"widget\" data-widget_type=\"heading.default\">\n\t\t\t\t<div class=\"elementor-widget-container\">\n\t\t\t<style>\/*! elementor - v3.15.0 - 20-08-2023 *\/\n.elementor-heading-title{padding:0;margin:0;line-height:1}.elementor-widget-heading .elementor-heading-title[class*=elementor-size-]>a{color:inherit;font-size:inherit;line-height:inherit}.elementor-widget-heading .elementor-heading-title.elementor-size-small{font-size:15px}.elementor-widget-heading .elementor-heading-title.elementor-size-medium{font-size:19px}.elementor-widget-heading .elementor-heading-title.elementor-size-large{font-size:29px}.elementor-widget-heading .elementor-heading-title.elementor-size-xl{font-size:39px}.elementor-widget-heading .elementor-heading-title.elementor-size-xxl{font-size:59px}<\/style><h2 class=\"elementor-heading-title elementor-size-default\"><a href=\"https:\/\/mdk.rzeszow.pl\/?p=31701\">Zapisy do CMR<\/a><\/h2>\t\t<\/div>\n\t\t\t\t<\/div>\n\t\t\t\t<div class=\"elementor-element elementor-element-a84b275 elementor-widget elementor-widget-heading\" data-id=\"a84b275\" data-element_type=\"widget\" data-widget_type=\"heading.default\">\n\t\t\t\t<div class=\"elementor-widget-container\">\n\t\t\t<h2 class=\"elementor-heading-title elementor-size-default\"><a href=\"https:\/\/mdk.rzeszow.pl\/?p=31701\" target=\"_blank\">DOC<\/a><\/h2>\t\t<\/div>\n\t\t\t\t<\/div>\n\t\t\t\t<div class=\"elementor-element elementor-element-21dbabd elementor-align-center elementor-widget elementor-widget-button\" data-id=\"21dbabd\" data-element_type=\"widget\" data-widget_type=\"button.default\">\n\t\t\t\t<div class=\"elementor-widget-container\">\n\t\t\t\t\t<div class=\"elementor-button-wrapper\">\n\t\t\t<a class=\"elementor-button elementor-button-link elementor-size-sm elementor-animation-grow\" href=\"https:\/\/mdk.rzeszow.pl\/?p=31701\">\n\t\t\t\t\t\t<span class=\"elementor-button-content-wrapper\">\n\t\t\t\t\t\t<span class=\"elementor-button-text\">Pobierz<\/span>\n\t\t<\/span>\n\t\t\t\t\t<\/a>\n\t\t<\/div>\n\t\t\t\t<\/div>\n\t\t\t\t<\/div>\n\t\t\t\t<\/div>\n\t\t<div class=\"elementor-element elementor-element-a186f63 e-con-full e-flex e-con\" data-id=\"a186f63\" data-element_type=\"container\" data-settings=\"{&quot;content_width&quot;:&quot;full&quot;,&quot;background_background&quot;:&quot;classic&quot;}\">\n\t\t\t\t<div class=\"elementor-element elementor-element-5403f5b elementor-view-default elementor-widget elementor-widget-icon\" data-id=\"5403f5b\" data-element_type=\"widget\" data-widget_type=\"icon.default\">\n\t\t\t\t<div class=\"elementor-widget-container\">\n\t\t\t\t\t<div class=\"elementor-icon-wrapper\">\n\t\t\t<div class=\"elementor-icon\">\n\t\t\t<svg aria-hidden=\"true\" class=\"e-font-icon-svg e-fas-file\" viewBox=\"0 0 384 512\" xmlns=\"http:\/\/www.w3.org\/2000\/svg\"><path d=\"M224 136V0H24C10.7 0 0 10.7 0 24v464c0 13.3 10.7 24 24 24h336c13.3 0 24-10.7 24-24V160H248c-13.2 0-24-10.8-24-24zm160-14.1v6.1H256V0h6.1c6.4 0 12.5 2.5 17 7l97.9 98c4.5 4.5 7 10.6 7 16.9z\"><\/path><\/svg>\t\t\t<\/div>\n\t\t<\/div>\n\t\t\t\t<\/div>\n\t\t\t\t<\/div>\n\t\t\t\t<div class=\"elementor-element elementor-element-009c0bb elementor-widget elementor-widget-heading\" data-id=\"009c0bb\" data-element_type=\"widget\" data-widget_type=\"heading.default\">\n\t\t\t\t<div class=\"elementor-widget-container\">\n\t\t\t<h2 class=\"elementor-heading-title elementor-size-default\">ODT<\/h2>\t\t<\/div>\n\t\t\t\t<\/div>\n\t\t\t\t<div class=\"elementor-element elementor-element-edaf9de elementor-widget elementor-widget-heading\" data-id=\"edaf9de\" data-element_type=\"widget\" data-widget_type=\"heading.default\">\n\t\t\t\t<div class=\"elementor-widget-container\">\n\t\t\t<h2 class=\"elementor-heading-title elementor-size-default\">Zgoda na wyjazd<\/h2>\t\t<\/div>\n\t\t\t\t<\/div>\n\t\t\t\t<div class=\"elementor-element elementor-element-2227393 elementor-align-center elementor-widget elementor-widget-button\" data-id=\"2227393\" data-element_type=\"widget\" data-widget_type=\"button.default\">\n\t\t\t\t<div class=\"elementor-widget-container\">\n\t\t\t\t\t<div class=\"elementor-button-wrapper\">\n\t\t\t<a class=\"elementor-button elementor-button-link elementor-size-sm elementor-animation-grow\" href=\"https:\/\/mdk.rzeszow.pl\/wp-content\/uploads\/2024\/04\/Zgoda-na-wyjazd.odt\">\n\t\t\t\t\t\t<span class=\"elementor-button-content-wrapper\">\n\t\t\t\t\t\t<span class=\"elementor-button-text\">Pobierz<\/span>\n\t\t<\/span>\n\t\t\t\t\t<\/a>\n\t\t<\/div>\n\t\t\t\t<\/div>\n\t\t\t\t<\/div>\n\t\t\t\t<\/div>\n\t\t\t\t\t<\/div>\n\t\t\t\t<\/div>\n\t\t\t\t\t\t\t<\/div>\n\t\t","protected":false},"excerpt":{"rendered":"<p>Zapisy na rok szkolny 26\/27 wi\u0119cej Zapraszamy do zapis\u00f3w na nowy rok szkolny 2026\/2027 &#8211; szczeg\u00f3\u0142y tutaj Link do zapis\u00f3w &#8211; tutaj Zapisy do CMR DOC Pobierz ODT Zgoda na wyjazd Pobierz<\/p>\n","protected":false},"author":1,"featured_media":0,"parent":0,"menu_order":0,"comment_status":"closed","ping_status":"closed","template":"elementor_header_footer","meta":{"ngg_post_thumbnail":0,"footnotes":""},"class_list":["post-26808","page","type-page","status-publish","hentry"],"jetpack_sharing_enabled":true,"_links":{"self":[{"href":"https:\/\/mdk.rzeszow.pl\/index.php?rest_route=\/wp\/v2\/pages\/26808","targetHints":{"allow":["GET"]}}],"collection":[{"href":"https:\/\/mdk.rzeszow.pl\/index.php?rest_route=\/wp\/v2\/pages"}],"about":[{"href":"https:\/\/mdk.rzeszow.pl\/index.php?rest_route=\/wp\/v2\/types\/page"}],"author":[{"embeddable":true,"href":"https:\/\/mdk.rzeszow.pl\/index.php?rest_route=\/wp\/v2\/users\/1"}],"replies":[{"embeddable":true,"href":"https:\/\/mdk.rzeszow.pl\/index.php?rest_route=%2Fwp%2Fv2%2Fcomments&post=26808"}],"version-history":[{"count":67,"href":"https:\/\/mdk.rzeszow.pl\/index.php?rest_route=\/wp\/v2\/pages\/26808\/revisions"}],"predecessor-version":[{"id":33627,"href":"https:\/\/mdk.rzeszow.pl\/index.php?rest_route=\/wp\/v2\/pages\/26808\/revisions\/33627"}],"wp:attachment":[{"href":"https:\/\/mdk.rzeszow.pl\/index.php?rest_route=%2Fwp%2Fv2%2Fmedia&parent=26808"}],"curies":[{"name":"wp","href":"https:\/\/api.w.org\/{rel}","templated":true}]}}