{"id":12232,"date":"2020-04-11T09:12:44","date_gmt":"2020-04-11T07:12:44","guid":{"rendered":"http:\/\/mdk.rzeszow.pl\/?page_id=12232"},"modified":"2020-05-28T07:58:24","modified_gmt":"2020-05-28T05:58:24","slug":"zajecia-kulinarne","status":"publish","type":"page","link":"https:\/\/mdk.rzeszow.pl\/?page_id=12232","title":{"rendered":"Zaj\u0119cia kulinarne"},"content":{"rendered":"\t\t<div data-elementor-type=\"wp-page\" data-elementor-id=\"12232\" class=\"elementor elementor-12232\">\n\t\t\t\t\t\t\t\t\t<section class=\"elementor-section elementor-top-section elementor-element elementor-element-63cd485 elementor-section-full_width elementor-section-height-default elementor-section-height-default\" data-id=\"63cd485\" data-element_type=\"section\">\n\t\t\t\t\t\t<div class=\"elementor-container elementor-column-gap-no\">\n\t\t\t\t\t<div class=\"elementor-column elementor-col-100 elementor-top-column elementor-element elementor-element-bd78dd4\" data-id=\"bd78dd4\" data-element_type=\"column\">\n\t\t\t<div class=\"elementor-widget-wrap elementor-element-populated\">\n\t\t\t\t\t\t\t\t<div class=\"elementor-element elementor-element-63c1197 elementor-widget elementor-widget-edumodo-slider\" data-id=\"63c1197\" data-element_type=\"widget\" data-widget_type=\"edumodo-slider.default\">\n\t\t\t\t<div class=\"elementor-widget-container\">\n\t\t\t\n\n    <div id=\"edumodo-hero-unit\" class=\"edumodo-hero-unit\">\n        <div id=\"edumodo-slider\" class=\"edumodo-slider carousel slide\" data-ride=\"carousel\" data-interval=\"\n         10000        \">\n                         <!-- Wrapper for slides -->\n            <div class=\"carousel-inner \">\n                                                                        <div class=\"item active slider-0\" style=\"background-image: url('http:\/\/mdk.rzeszow.pl\/wp-content\/uploads\/2020\/05\/20191021_141355.jpg');\">\n                        <div class=\"container\">\n                            <div class=\"row\">\n                                <div class=\"col-xs-12 col-sm-12 col-md-12\">\n                                    <div class=\"carousel-caption \">\n                                                                                    <h2 class=\"slider-title  animated fadeInDown\" style=\"animation-delay: 0.8s;\">\n                                                Stacja Owocny Dzieciak   \n                                            <\/h2>\n                                        \n                                        \n                                                                                    <span class=\"slider-action\">\n                                                <a class=\"btn btn-slider animated fadeInDown\" style=\"animation-delay: 1.3s;\" href=\"\/?page_id=13355\"> Dowiedz si\u0119 wi\u0119cej                                                <\/a>\n                                            <\/span>\n                                                                            <\/div>\n                                <\/div> \n                            <\/div>\n                        <\/div>\n                    <\/div><!-- \/.item -->\n                            <\/div> <!-- \/.inner -->\n                    <\/div><!-- \/.id -->\n    <\/div> <!-- \/#hero-unit -->\n\t\t<\/div>\n\t\t\t\t<\/div>\n\t\t\t\t\t<\/div>\n\t\t<\/div>\n\t\t\t\t\t\t\t<\/div>\n\t\t<\/section>\n\t\t\t\t<section class=\"elementor-section elementor-top-section elementor-element elementor-element-5c863cc elementor-section-full_width elementor-section-height-default elementor-section-height-default\" data-id=\"5c863cc\" data-element_type=\"section\">\n\t\t\t\t\t\t<div class=\"elementor-container elementor-column-gap-no\">\n\t\t\t\t\t<div class=\"elementor-column elementor-col-100 elementor-top-column elementor-element elementor-element-45513b9\" data-id=\"45513b9\" data-element_type=\"column\">\n\t\t\t<div class=\"elementor-widget-wrap elementor-element-populated\">\n\t\t\t\t\t\t\t\t<div class=\"elementor-element elementor-element-2543aa7 elementor-widget elementor-widget-edumodo-slider\" data-id=\"2543aa7\" data-element_type=\"widget\" data-widget_type=\"edumodo-slider.default\">\n\t\t\t\t<div class=\"elementor-widget-container\">\n\t\t\t\n\n    <div id=\"edumodo-hero-unit\" class=\"edumodo-hero-unit\">\n        <div id=\"edumodo-slider\" class=\"edumodo-slider carousel slide\" data-ride=\"carousel\" data-interval=\"\n         10000        \">\n                         <!-- Wrapper for slides -->\n            <div class=\"carousel-inner \">\n                                                                        <div class=\"item active slider-0\" style=\"background-image: url('http:\/\/mdk.rzeszow.pl\/wp-content\/uploads\/2020\/05\/DSCN5675-scaled.jpg');\">\n                        <div class=\"container\">\n                            <div class=\"row\">\n                                <div class=\"col-xs-12 col-sm-12 col-md-12\">\n                                    <div class=\"carousel-caption \">\n                                                                                    <h2 class=\"slider-title  animated fadeInDown\" style=\"animation-delay: 0.8s;\">\n                                                Kuchnia Nastolatk\u00f3w   \n                                            <\/h2>\n                                        \n                                        \n                                                                                    <span class=\"slider-action\">\n                                                <a class=\"btn btn-slider animated fadeInDown\" style=\"animation-delay: 1.3s;\" href=\"\/?page_id=13332\"> Dowiedz si\u0119 wi\u0119cej                                                <\/a>\n                                            <\/span>\n                                                                            <\/div>\n                                <\/div> \n                            <\/div>\n                        <\/div>\n                    <\/div><!-- \/.item -->\n                            <\/div> <!-- \/.inner -->\n                    <\/div><!-- \/.id -->\n    <\/div> <!-- \/#hero-unit -->\n\t\t<\/div>\n\t\t\t\t<\/div>\n\t\t\t\t\t<\/div>\n\t\t<\/div>\n\t\t\t\t\t\t\t<\/div>\n\t\t<\/section>\n\t\t\t\t\t\t\t<\/div>\n\t\t","protected":false},"excerpt":{"rendered":"<p>Stacja Owocny Dzieciak Dowiedz si\u0119 wi\u0119cej Kuchnia Nastolatk\u00f3w Dowiedz si\u0119 wi\u0119cej<\/p>\n","protected":false},"author":1,"featured_media":0,"parent":0,"menu_order":0,"comment_status":"closed","ping_status":"closed","template":"elementor_header_footer","meta":{"ngg_post_thumbnail":0,"footnotes":""},"class_list":["post-12232","page","type-page","status-publish","hentry"],"jetpack_sharing_enabled":true,"_links":{"self":[{"href":"https:\/\/mdk.rzeszow.pl\/index.php?rest_route=\/wp\/v2\/pages\/12232","targetHints":{"allow":["GET"]}}],"collection":[{"href":"https:\/\/mdk.rzeszow.pl\/index.php?rest_route=\/wp\/v2\/pages"}],"about":[{"href":"https:\/\/mdk.rzeszow.pl\/index.php?rest_route=\/wp\/v2\/types\/page"}],"author":[{"embeddable":true,"href":"https:\/\/mdk.rzeszow.pl\/index.php?rest_route=\/wp\/v2\/users\/1"}],"replies":[{"embeddable":true,"href":"https:\/\/mdk.rzeszow.pl\/index.php?rest_route=%2Fwp%2Fv2%2Fcomments&post=12232"}],"version-history":[{"count":4,"href":"https:\/\/mdk.rzeszow.pl\/index.php?rest_route=\/wp\/v2\/pages\/12232\/revisions"}],"predecessor-version":[{"id":13499,"href":"https:\/\/mdk.rzeszow.pl\/index.php?rest_route=\/wp\/v2\/pages\/12232\/revisions\/13499"}],"wp:attachment":[{"href":"https:\/\/mdk.rzeszow.pl\/index.php?rest_route=%2Fwp%2Fv2%2Fmedia&parent=12232"}],"curies":[{"name":"wp","href":"https:\/\/api.w.org\/{rel}","templated":true}]}}